{"id":4439,"date":"2021-10-12T16:27:24","date_gmt":"2021-10-12T16:27:24","guid":{"rendered":"http:\/\/dummy.xtemos.com\/woodmart2\/elementor\/?page_id=4439"},"modified":"2024-09-22T23:33:55","modified_gmt":"2024-09-22T20:33:55","slug":"iletisim","status":"publish","type":"page","link":"https:\/\/orino.com.tr\/en\/iletisim\/","title":{"rendered":"Contact"},"content":{"rendered":"<div data-elementor-type=\"wp-page\" data-elementor-id=\"4439\" class=\"elementor elementor-4439\">\n\t\t\t\t<div class=\"elementor-element elementor-element-68d0e93 wd-section-stretch-content e-flex e-con-boxed e-con e-parent\" data-id=\"68d0e93\" data-element_type=\"container\">\n\t\t\t\t\t<div class=\"e-con-inner\">\n\t\t<div class=\"elementor-element elementor-element-9ed7cfb e-con-full e-flex e-con e-child\" data-id=\"9ed7cfb\" data-element_type=\"container\">\n\t\t\t\t<div class=\"elementor-element elementor-element-4fa0c7a color-scheme-inherit text-left elementor-widget elementor-widget-text-editor\" data-id=\"4fa0c7a\" data-element_type=\"widget\" data-widget_type=\"text-editor.default\">\n\t\t\t\t<div class=\"elementor-widget-container\">\n\t\t\t\t\t\t\t<iframe src=\"https:\/\/www.google.com\/maps\/embed?pb=!1m18!1m12!1m3!1d3056.4562380283633!2d32.76950377628629!3d39.99825548100243!2m3!1f0!2f0!3f0!3m2!1i1024!2i768!4f13.1!3m3!1m2!1s0x14d34bfc62d284b9%3A0xcf8ded8f567ed399!2sOrino%20Elektronik!5e0!3m2!1str!2str!4v1727037152165!5m2!1str!2str\" width=\"600\" height=\"450\" style=\"border:0;\" allowfullscreen=\"\" loading=\"lazy\" referrerpolicy=\"no-referrer-when-downgrade\"><\/iframe>\t\t\t\t\t\t<\/div>\n\t\t\t\t<\/div>\n\t\t\t\t<\/div>\n\t\t\t\t\t<\/div>\n\t\t\t\t<\/div>\n\t\t<div class=\"wd-negative-gap elementor-element elementor-element-cb322d0 e-flex e-con-boxed e-con e-parent\" data-id=\"cb322d0\" data-element_type=\"container\">\n\t\t\t\t\t<div class=\"e-con-inner\">\n\t\t<div class=\"elementor-element elementor-element-789122a e-con-full e-flex e-con e-child\" data-id=\"789122a\" data-element_type=\"container\">\n\t\t<div class=\"wd-negative-gap elementor-element elementor-element-eb3ba9f e-flex e-con-boxed e-con e-child\" data-id=\"eb3ba9f\" data-element_type=\"container\">\n\t\t\t\t\t<div class=\"e-con-inner\">\n\t\t\t\t<div class=\"elementor-element elementor-element-775ddc4 wd-width-100 elementor-widget elementor-widget-wd_title\" data-id=\"775ddc4\" data-element_type=\"widget\" data-widget_type=\"wd_title.default\">\n\t\t\t\t<div class=\"elementor-widget-container\">\n\t\t\t\t\t<div class=\"title-wrapper set-mb-s reset-last-child wd-title-color-default wd-title-style-default wd-title-size-default text-left\">\n\n\t\t\t\t\t\t\t<div class=\"title-subtitle subtitle-color-default subtitle-style-default wd-fontsize-xs\">\n\t\t\t\t\tOrino Electronic Contact\t\t\t\t<\/div>\n\t\t\t\n\t\t\t<div class=\"liner-continer\">\n\t\t\t\t<h4 class=\"woodmart-title-container title wd-fontsize-l\">CONTACT US<\/h4> \n\t\t\t\t\t\t\t<\/div>\n\n\t\t\t\t\t<\/div>\n\t\t\t\t<\/div>\n\t\t\t\t<\/div>\n\t\t\t\t\t<\/div>\n\t\t\t\t<\/div>\n\t\t<div class=\"wd-negative-gap elementor-element elementor-element-1b53b27 e-flex e-con-boxed e-con e-child\" data-id=\"1b53b27\" data-element_type=\"container\">\n\t\t\t\t\t<div class=\"e-con-inner\">\n\t\t\t\t<div class=\"elementor-element elementor-element-28c39db elementor-widget__width-initial elementor-widget-mobile__width-inherit elementor-widget elementor-widget-wd_infobox\" data-id=\"28c39db\" data-element_type=\"widget\" data-widget_type=\"wd_infobox.default\">\n\t\t\t\t<div class=\"elementor-widget-container\">\n\t\t\t\t\t<div class=\"info-box-wrapper\">\n\t\t\t<div class=\"wd-info-box text-center box-icon-align-top box-style-shadow color-scheme-\">\n\t\t\t\t\t\t\t\t\t<div class=\"box-icon-wrapper  box-with-icon box-icon-simple\">\n\t\t\t\t\t\t<div class=\"info-box-icon\">\n\t\t\t\t\t\t\t\t\t\t\t\t\t\t\t<span class=\"info-svg-wrapper info-icon\" style=\"width:56px; height:56px;\"><svg xmlns=\"http:\/\/www.w3.org\/2000\/svg\" xmlns:xlink=\"http:\/\/www.w3.org\/1999\/xlink\" id=\"svg-8526\" x=\"0px\" y=\"0px\" viewbox=\"0 0 512 512\" style=\"enable-background:new 0 0 512 512;\" xml:space=\"preserve\"> <circle style=\"fill:#2196F3;\" cx=\"256\" cy=\"256\" r=\"256\"><\/circle> <path style=\"fill:#FAFAFA;\" d=\"M384,308.928c-27.616,0-53.952-6.016-78.24-17.888c-3.808-1.824-8.224-2.112-12.256-0.736 c-4.032,1.408-7.328,4.352-9.184,8.16l-11.52,23.84c-34.56-19.84-63.232-48.544-83.104-83.104l23.872-11.52 c3.84-1.856,6.752-5.152,8.16-9.184c1.376-4.032,1.12-8.448-0.736-12.256c-11.904-24.256-17.92-50.592-17.92-78.24 c0-8.832-7.168-16-16-16H128c-8.832,0-16,7.168-16,16c0,149.984,122.016,272,272,272c8.832,0,16-7.168,16-16v-59.072 C400,316.096,392.832,308.928,384,308.928z\"><\/path> <g> <\/g> <g> <\/g> <g> <\/g> <g> <\/g> <g> <\/g> <g> <\/g> <g> <\/g> <g> <\/g> <g> <\/g> <g> <\/g> <g> <\/g> <g> <\/g> <g> <\/g> <g> <\/g> <g> <\/g> <\/svg><\/span>\t\t\t\t\t\t\t\t\t\t\t\t\t<\/div>\n\t\t\t\t\t<\/div>\n\t\t\t\t\n\t\t\t\t<div class=\"info-box-content\">\n\t\t\t\t\t\n\t\t\t\t\t\t\t\t\t\t\t<h4\t\t\t\t\t\tclass=\"info-box-title title box-title-style-default wd-fontsize-m\" data-elementor-setting-key=\"title\">\n\t\t\t\t\t\t\t\tTelephone Number\t\t\t\t\t\t<\/h4>\n\t\t\t\t\t\n\t\t\t\t\t<div class=\"info-box-inner set-cont-mb-s reset-last-child\"data-elementor-setting-key=\"content\"><p><a href=\"tel:905544470886\">+90 554 447 08 86<\/a><\/p>\n<\/div>\n\n\t\t\t\t\t\t\t\t\t<\/div>\n\n\t\t\t\t\t\t\t<\/div>\n\t\t<\/div>\n\t\t\t\t<\/div>\n\t\t\t\t<\/div>\n\t\t\t\t<div class=\"elementor-element elementor-element-ea83e3d elementor-widget__width-initial elementor-widget-mobile__width-inherit elementor-widget elementor-widget-wd_infobox\" data-id=\"ea83e3d\" data-element_type=\"widget\" data-widget_type=\"wd_infobox.default\">\n\t\t\t\t<div class=\"elementor-widget-container\">\n\t\t\t\t\t<div class=\"info-box-wrapper\">\n\t\t\t<div class=\"wd-info-box text-center box-icon-align-top box-style-shadow color-scheme-\">\n\t\t\t\t\t\t\t\t\t<div class=\"box-icon-wrapper  box-with-icon box-icon-simple\">\n\t\t\t\t\t\t<div class=\"info-box-icon\">\n\t\t\t\t\t\t\t\t\t\t\t\t\t\t\t<span class=\"info-svg-wrapper info-icon\" style=\"width:56px; height:56px;\"><svg xmlns=\"http:\/\/www.w3.org\/2000\/svg\" id=\"svg-5848\" height=\"512\" viewbox=\"0 0 512 512\" width=\"512\" data-name=\"Layer 2\"><g id=\"InterfaceIcon\"><g id=\"_04.Location\" data-name=\"04.Location\"><rect id=\"Background\" fill=\"#41a5ee\" height=\"512\" rx=\"256\" transform=\"matrix(0 1 -1 0 512 0)\" width=\"512\"><\/rect><path id=\"_04.Location-2\" d=\"m256 106c-62.23 0-112.68 50.45-112.68 112.68 0 40.23 47.09 119.12 80.38 169.88 15.25 23.25 49.34 23.25 64.59 0 33.3-50.76 80.38-129.65 80.38-169.88 0-62.23-50.45-112.68-112.68-112.68zm0 161.11c-26.75 0-48.43-21.68-48.43-48.43s21.68-48.43 48.43-48.43 48.43 21.68 48.43 48.43-21.68 48.43-48.43 48.43z\" fill=\"#fff\" data-name=\"04.Location\"><\/path><\/g><\/g><\/svg><\/span>\t\t\t\t\t\t\t\t\t\t\t\t\t<\/div>\n\t\t\t\t\t<\/div>\n\t\t\t\t\n\t\t\t\t<div class=\"info-box-content\">\n\t\t\t\t\t\n\t\t\t\t\t\t\t\t\t\t\t<h4\t\t\t\t\t\tclass=\"info-box-title title box-title-style-default wd-fontsize-m\" data-elementor-setting-key=\"title\">\n\t\t\t\t\t\t\t\tOur Address\t\t\t\t\t\t<\/h4>\n\t\t\t\t\t\n\t\t\t\t\t<div class=\"info-box-inner set-cont-mb-s reset-last-child\"data-elementor-setting-key=\"content\"><p>Bulvar Anatolia Business Centre Anadolu Blv. 1499. Sk. No:8\/65<br \/>\nIvedik - Yenimahalle \/ Ankara<\/p>\n<\/div>\n\n\t\t\t\t\t\t\t\t\t<\/div>\n\n\t\t\t\t\t\t\t<\/div>\n\t\t<\/div>\n\t\t\t\t<\/div>\n\t\t\t\t<\/div>\n\t\t\t\t<div class=\"elementor-element elementor-element-8b79cf1 elementor-widget__width-initial elementor-widget-mobile__width-inherit elementor-widget elementor-widget-wd_infobox\" data-id=\"8b79cf1\" data-element_type=\"widget\" data-widget_type=\"wd_infobox.default\">\n\t\t\t\t<div class=\"elementor-widget-container\">\n\t\t\t\t\t<div class=\"info-box-wrapper\">\n\t\t\t<div class=\"wd-info-box text-center box-icon-align-top box-style-shadow color-scheme-\">\n\t\t\t\t\t\t\t\t\t<div class=\"box-icon-wrapper  box-with-icon box-icon-simple\">\n\t\t\t\t\t\t<div class=\"info-box-icon\">\n\t\t\t\t\t\t\t\t\t\t\t\t\t\t\t<span class=\"info-svg-wrapper info-icon\" style=\"width:56px; height:56px;\"><svg xmlns=\"http:\/\/www.w3.org\/2000\/svg\" height=\"512\" viewbox=\"0 0 512 512\" width=\"512\"><g id=\"svg-7226\" data-name=\"Layer 2\"><g id=\"_01.mail\" data-name=\"01.mail\"><circle id=\"background\" cx=\"256\" cy=\"256\" fill=\"#2196f3\" r=\"256\"><\/circle><g fill=\"#fff\"><path d=\"m255.94 268.64-134.94-67.32v133.76a25.66 25.66 0 0 0 25.59 25.59h218.82a25.66 25.66 0 0 0 25.59-25.59v-132.35z\"><\/path><path d=\"m256.06 243.36 134.94-65.86v-.58a25.66 25.66 0 0 0 -25.59-25.59h-218.82a25.66 25.66 0 0 0 -25.59 24.67z\"><\/path><\/g><\/g><\/g><\/svg><\/span>\t\t\t\t\t\t\t\t\t\t\t\t\t<\/div>\n\t\t\t\t\t<\/div>\n\t\t\t\t\n\t\t\t\t<div class=\"info-box-content\">\n\t\t\t\t\t\n\t\t\t\t\t\t\t\t\t\t\t<h4\t\t\t\t\t\tclass=\"info-box-title title box-title-style-default wd-fontsize-m\" data-elementor-setting-key=\"title\">\n\t\t\t\t\t\t\t\tOur Email Address\t\t\t\t\t\t<\/h4>\n\t\t\t\t\t\n\t\t\t\t\t<div class=\"info-box-inner set-cont-mb-s reset-last-child\"data-elementor-setting-key=\"content\"><p><a href=\"mailto:info@orino.com.tr\">info@orino.com.tr<\/a><\/p>\n<p>\u00a0<\/p>\n<\/div>\n\n\t\t\t\t\t\t\t\t\t<\/div>\n\n\t\t\t\t\t\t\t<\/div>\n\t\t<\/div>\n\t\t\t\t<\/div>\n\t\t\t\t<\/div>\n\t\t\t\t\t<\/div>\n\t\t\t\t<\/div>\n\t\t\t\t<\/div>\n\t\t\t\t\t<\/div>\n\t\t\t\t<\/div>\n\t\t<div class=\"wd-negative-gap elementor-element elementor-element-6cbd094 e-flex e-con-boxed e-con e-parent\" data-id=\"6cbd094\" data-element_type=\"container\">\n\t\t\t\t\t<div class=\"e-con-inner\">\n\t\t\t\t\t<\/div>\n\t\t\t\t<\/div>\n\t\t\t\t<\/div>","protected":false},"excerpt":{"rendered":"<p>Orino Elektronik \u0130leti\u015fim B\u0130ZE ULA\u015eIN Telefon Numaram\u0131z +90 554 447 08 86 Adresimiz Bulvar Anatolia \u0130\u015f Merkezi Anadolu Blv. 1499.<\/p>","protected":false},"author":1,"featured_media":0,"parent":0,"menu_order":0,"comment_status":"closed","ping_status":"closed","template":"","meta":{"footnotes":""},"class_list":["post-4439","page","type-page","status-publish","hentry"],"_links":{"self":[{"href":"https:\/\/orino.com.tr\/en\/wp-json\/wp\/v2\/pages\/4439","targetHints":{"allow":["GET"]}}],"collection":[{"href":"https:\/\/orino.com.tr\/en\/wp-json\/wp\/v2\/pages"}],"about":[{"href":"https:\/\/orino.com.tr\/en\/wp-json\/wp\/v2\/types\/page"}],"author":[{"embeddable":true,"href":"https:\/\/orino.com.tr\/en\/wp-json\/wp\/v2\/users\/1"}],"replies":[{"embeddable":true,"href":"https:\/\/orino.com.tr\/en\/wp-json\/wp\/v2\/comments?post=4439"}],"version-history":[{"count":31,"href":"https:\/\/orino.com.tr\/en\/wp-json\/wp\/v2\/pages\/4439\/revisions"}],"predecessor-version":[{"id":16180,"href":"https:\/\/orino.com.tr\/en\/wp-json\/wp\/v2\/pages\/4439\/revisions\/16180"}],"wp:attachment":[{"href":"https:\/\/orino.com.tr\/en\/wp-json\/wp\/v2\/media?parent=4439"}],"curies":[{"name":"wp","href":"https:\/\/api.w.org\/{rel}","templated":true}]}}